{"id":8,"date":"2023-02-06T19:05:53","date_gmt":"2023-02-06T19:05:53","guid":{"rendered":"https:\/\/g2kreativtotal.de\/?page_id=8"},"modified":"2025-03-15T10:58:58","modified_gmt":"2025-03-15T10:58:58","slug":"startseite","status":"publish","type":"page","link":"https:\/\/g2kreativtotal.de\/","title":{"rendered":"Startseite"},"content":{"rendered":"\n<h2 class=\"wp-block-heading\">Die Malgruppe aus Rostock<\/h2>\n\n\n\n<p>Die K\u00fcnste, samt dem Lehrreichen an ihnen, geh\u00f6ren zu den Lustbarkeiten.<br>Wir sind ein gemeinn\u00fctzig anerkannter Verein zur F\u00f6rderung der bildenden Kunst. In unserer gemeinsamen Gruppenarbeit ergeben sich Vorteile, wie der st\u00e4ndige Austausch \u00fcber Ideen, Gedanken, Vorhaben, Befindlichkeiten, Techniken und Handwerk.<\/p>\n\n\n\n<p>Erfreulich ist es, dass bei uns alle Generationen vertreten sind und v\u00f6llig problemlos miteinander umgehen. Ja, es zeigt sich, dass alle voneinander profitieren und sich gegenseitig f\u00f6rdern.<\/p>\n\n\n\n<div class=\"wp-block-media-text has-media-on-the-right is-stacked-on-mobile is-vertically-aligned-top\"><div class=\"wp-block-media-text__content\">\n<h3 class=\"wp-block-heading\">Unsere Angebote<\/h3>\n\n\n\n<p><strong>Techniken<\/strong><\/p>\n\n\n\n<ul class=\"wp-block-list\">\n<li>Malen auf Leinwand und Papier, mit Acryl, Tempra, Gouache und Pastell<\/li>\n\n\n\n<li>Kaltnadelradierungen, Linol- und Holzschnitte<\/li>\n\n\n\n<li>Gestalten mit Ton in Workshops<\/li>\n<\/ul>\n\n\n\n<p><strong>Dar\u00fcber hinaus<\/strong><\/p>\n\n\n\n<ul class=\"wp-block-list\">\n<li>Pr\u00e4sentation der geschaffenen Werke<\/li>\n\n\n\n<li>gemeinsame Besuche von Ateliers und Ausstellungen<\/li>\n\n\n\n<li>Workshops<\/li>\n<\/ul>\n\n\n\n<p><strong>Teilnehmer<\/strong><\/p>\n\n\n\n<p>Jeder, der an Malerei oder Skulptur interessiert ist und sich k\u00fcnstlerisch mal ausprobieren m\u00f6chte.<\/p>\n\n\n\n<p><strong>Treffen<\/strong><\/p>\n\n\n\n<p>Wir treffen uns regelm\u00e4\u00dfig am Mittwoch von 19:00 bis 20:30 Uhr \u2013 von Oktober bis Juni im Atelier der Volkshochschule in Rostock und von Juli bis September nach Absprache im Freien in Rostock und Umgebung.<\/p>\n\n\n\n<p>E-Mail: kontakt@g2kreativtotal.de<\/p>\n<\/div><figure class=\"wp-block-media-text__media\"><img loading=\"lazy\" decoding=\"async\" width=\"280\" height=\"662\" src=\"https:\/\/g2kreativtotal.de\/wp-content\/uploads\/2025\/03\/Flyer-G2-2023-Fotos-Deckblatt.jpg\" alt=\"\" class=\"wp-image-85 size-full\" srcset=\"https:\/\/g2kreativtotal.de\/wp-content\/uploads\/2025\/03\/Flyer-G2-2023-Fotos-Deckblatt.jpg 280w, https:\/\/g2kreativtotal.de\/wp-content\/uploads\/2025\/03\/Flyer-G2-2023-Fotos-Deckblatt-127x300.jpg 127w\" sizes=\"auto, (max-width: 280px) 100vw, 280px\" \/><\/figure><\/div>\n\n\n\n<p><\/p>\n","protected":false},"excerpt":{"rendered":"<p>Die Malgruppe aus Rostock Die K\u00fcnste, samt dem Lehrreichen an ihnen, geh\u00f6ren zu den Lustbarkeiten.Wir sind ein gemeinn\u00fctzig anerkannter Verein zur F\u00f6rderung der bildenden Kunst. In unserer gemeinsamen Gruppenarbeit ergeben sich Vorteile, wie der st\u00e4ndige Austausch \u00fcber Ideen, Gedanken, Vorhaben, Befindlichkeiten, Techniken und Handwerk. Erfreulich ist es, dass bei uns alle Generationen vertreten sind und &#8230; <a title=\"Startseite\" class=\"read-more\" href=\"https:\/\/g2kreativtotal.de\/\" aria-label=\"Mehr Informationen \u00fcber Startseite\">Weiterlesen<\/a><\/p>\n","protected":false},"author":1,"featured_media":0,"parent":0,"menu_order":0,"comment_status":"closed","ping_status":"closed","template":"","meta":{"footnotes":""},"class_list":["post-8","page","type-page","status-publish"],"_links":{"self":[{"href":"https:\/\/g2kreativtotal.de\/index.php?rest_route=\/wp\/v2\/pages\/8","targetHints":{"allow":["GET"]}}],"collection":[{"href":"https:\/\/g2kreativtotal.de\/index.php?rest_route=\/wp\/v2\/pages"}],"about":[{"href":"https:\/\/g2kreativtotal.de\/index.php?rest_route=\/wp\/v2\/types\/page"}],"author":[{"embeddable":true,"href":"https:\/\/g2kreativtotal.de\/index.php?rest_route=\/wp\/v2\/users\/1"}],"replies":[{"embeddable":true,"href":"https:\/\/g2kreativtotal.de\/index.php?rest_route=%2Fwp%2Fv2%2Fcomments&post=8"}],"version-history":[{"count":5,"href":"https:\/\/g2kreativtotal.de\/index.php?rest_route=\/wp\/v2\/pages\/8\/revisions"}],"predecessor-version":[{"id":87,"href":"https:\/\/g2kreativtotal.de\/index.php?rest_route=\/wp\/v2\/pages\/8\/revisions\/87"}],"wp:attachment":[{"href":"https:\/\/g2kreativtotal.de\/index.php?rest_route=%2Fwp%2Fv2%2Fmedia&parent=8"}],"curies":[{"name":"wp","href":"https:\/\/api.w.org\/{rel}","templated":true}]}}