{"id":58,"date":"2025-03-04T06:39:37","date_gmt":"2025-03-04T06:39:37","guid":{"rendered":"https:\/\/g2kreativtotal.de\/?page_id=58"},"modified":"2025-03-04T11:28:55","modified_gmt":"2025-03-04T11:28:55","slug":"motivation","status":"publish","type":"page","link":"https:\/\/g2kreativtotal.de\/?page_id=58","title":{"rendered":"Motivation"},"content":{"rendered":"\n<h5 class=\"wp-block-heading\"><strong>Die K\u00fcnste, samt dem Lehrreichen an ihnen, geh\u00f6ren zu den Lustbarkeiten.<\/strong><\/h5>\n\n\n\n<p>Der Mensch ist ein gestalterisches Wesen, getrieben von Neugierde. Diese Bed\u00fcrfnisse gilt es zu f\u00f6rdern und kreativ umzusetzen. Bei uns wird jeder dort aufgenommen, wo er gerade steht und ganz individuell weiterentwickelt. Ziel ist nicht, dass alle dasselbe oder \u00e4hnliches fertigen, sondern gerade die Vielfalt steht im Vordergrund. So ver\u00e4ndert sich auch sehr schnell die Motivation der Teilnehmer. Freude, Spa\u00df und Freiheit halten in die Werke Einzug. Grenzen br\u00f6ckeln langsam, werden mitunter aber auch st\u00fcrmisch eingerissen.<\/p>\n\n\n\n<p>Es geht doch! Und ganz schnell beginnt man \u00fcber den Tellerrand zu schauen und verlangt nach mehr. Warum mache gerade ich das so und nicht anders? Nie gestellte Fragen sind pl\u00f6tzlich da und suchen nach Antworten.<\/p>\n\n\n\n<p>Zwinger (Maler aus Greifswald) \u00e4u\u00dferte in einem Telefonat: &#8222;<em>Die Leute glauben malen sei Gl\u00fcck &#8211; ein Verh\u00e4ngnis ist das, ein Verh\u00e4ngnis!<\/em>&#8220; Je nach Hingabe wird der Maler zum Suchenden, der eigentlich nirgends ankommt (zwingersches &#8222;Verh\u00e4ngnis&#8220;).<\/p>\n\n\n\n<p>Nat\u00fcrlich sucht jeder Maler auch nach Anerkennung, braucht diese sogar wie ein Grundbed\u00fcrfnis zur weiteren Motivation. Unz\u00e4hlige Studien haben bewiesen, dass die kreativen Energien, die beim Malen\/Musizieren freigesetzt werden, ma\u00dfgeblich zu einer Steigerung des Wohlgef\u00fchls beitragen.<\/p>\n\n\n\n<p>Die Entwicklung einer jeden Person ist in diesem besonderen Spannungsfeld Kunst und Gesellschaft (Kl\u00e4rung der Realit\u00e4t) nach oben offen.<\/p>\n\n\n\n<p>Ganz konkret malen\/zeichnen wir Bilder. Also muss unser Ziel das Produkt Gem\u00e4lde\/Bild sein! Nur, wer beurteilt dieses Endprodukt da vor uns auf der Staffelei und welche Wertma\u00dfst\u00e4be werden angelegt?<\/p>\n\n\n\n<figure class=\"wp-block-table\"><table class=\"has-fixed-layout\"><tbody><tr><td><strong>Der Maler?<\/strong><\/td><td>Vermutlich wird der selten ganz zufrieden sein.<br>&nbsp;<\/td><\/tr><tr><td><strong>Der Betrachter?<\/strong><\/td><td>Er bringt seine anerzogene und mehr oder weniger lang erfahrene Sehweise mit, tr\u00e4gt sein Wohnzimmer mit sich herum.<br>&nbsp;<\/td><\/tr><tr><td><strong>Der K\u00e4ufer?&nbsp;<\/strong><\/td><td>Der fragt nach der Verwendung. Gef\u00e4llt es? Passt es? Was kostet es?&nbsp;<\/td><\/tr><\/tbody><\/table><\/figure>\n\n\n\n<p>Es gilt also jeden in der Gruppe dort abzuholen, wo er in seiner Entwicklung gerade steht und gemeinsam Sehgewohnheiten zu \u00fcberpr\u00fcfen. Eigene, nicht die des K\u00e4ufers.<\/p>\n\n\n\n<p>Jeder Mensch ist ein K\u00fcnstler. Das bedeutet, die Werke m\u00fcssen den Maler wiederspiegeln, mit seiner ganzen Pers\u00f6nlichkeit. Seinen W\u00fcnschen, Hoffnungen, Sehns\u00fcchten, Bed\u00fcrfnissen, Krankheiten, Werden und Vergehen. Dann entstehen authentische Werke, deren Wert auch der Betrachter erkennt. Die Person muss hinter dem Bild stehen, redlich sein.<\/p>\n\n\n\n<p>Gegr\u00fcndet wird dies nat\u00fcrlich auf soviel wie erforderlichem Handwerk. Unterst\u00fctzt durch R\u00fcckblicke in die Geschichte der Kunst. Thematischer Bearbeitung der einzelnen Kunstrichtungen. Besuche und Gespr\u00e4che mit K\u00fcnstlern wie Rudolf Austen, Torsten Zwinger, Ehepaar Jastram, Ausstellungsbesuchen, Malwochenenden, Bearbeiten von Projekten usw..<\/p>\n","protected":false},"excerpt":{"rendered":"<p>Die K\u00fcnste, samt dem Lehrreichen an ihnen, geh\u00f6ren zu den Lustbarkeiten. Der Mensch ist ein gestalterisches Wesen, getrieben von Neugierde. Diese Bed\u00fcrfnisse gilt es zu f\u00f6rdern und kreativ umzusetzen. Bei uns wird jeder dort aufgenommen, wo er gerade steht und ganz individuell weiterentwickelt. Ziel ist nicht, dass alle dasselbe oder \u00e4hnliches fertigen, sondern gerade die &#8230; <a title=\"Motivation\" class=\"read-more\" href=\"https:\/\/g2kreativtotal.de\/?page_id=58\" aria-label=\"Mehr Informationen \u00fcber Motivation\">Weiterlesen<\/a><\/p>\n","protected":false},"author":1,"featured_media":0,"parent":0,"menu_order":0,"comment_status":"closed","ping_status":"closed","template":"","meta":{"footnotes":""},"class_list":["post-58","page","type-page","status-publish"],"_links":{"self":[{"href":"https:\/\/g2kreativtotal.de\/index.php?rest_route=\/wp\/v2\/pages\/58","targetHints":{"allow":["GET"]}}],"collection":[{"href":"https:\/\/g2kreativtotal.de\/index.php?rest_route=\/wp\/v2\/pages"}],"about":[{"href":"https:\/\/g2kreativtotal.de\/index.php?rest_route=\/wp\/v2\/types\/page"}],"author":[{"embeddable":true,"href":"https:\/\/g2kreativtotal.de\/index.php?rest_route=\/wp\/v2\/users\/1"}],"replies":[{"embeddable":true,"href":"https:\/\/g2kreativtotal.de\/index.php?rest_route=%2Fwp%2Fv2%2Fcomments&post=58"}],"version-history":[{"count":2,"href":"https:\/\/g2kreativtotal.de\/index.php?rest_route=\/wp\/v2\/pages\/58\/revisions"}],"predecessor-version":[{"id":83,"href":"https:\/\/g2kreativtotal.de\/index.php?rest_route=\/wp\/v2\/pages\/58\/revisions\/83"}],"wp:attachment":[{"href":"https:\/\/g2kreativtotal.de\/index.php?rest_route=%2Fwp%2Fv2%2Fmedia&parent=58"}],"curies":[{"name":"wp","href":"https:\/\/api.w.org\/{rel}","templated":true}]}}